{"id":8,"date":"2018-02-26T21:48:05","date_gmt":"2018-02-26T20:48:05","guid":{"rendered":"http:\/\/192.168.1.7\/wordpress\/?page_id=8"},"modified":"2025-03-05T11:25:48","modified_gmt":"2025-03-05T10:25:48","slug":"about","status":"publish","type":"page","link":"https:\/\/jfrenard-psy.be\/?page_id=8","title":{"rendered":"Probl\u00e9matiques et conditions"},"content":{"rendered":"<p><strong>Quelles probl\u00e9matiques peuvent \u00eatre abord\u00e9es lors de ces rencontres ?<\/strong><\/p>\n<p>Les probl\u00e9matiques qui am\u00e8nent des personnes \u00e0 consulter un psychologue sont multiples et il est difficile d\u2019en faire une liste exhaustive.<\/p>\n<p>En voici quelques-unes :<\/p>\n<p><em> Individuelles<\/em> : d\u00e9pression, burn-out, d\u00e9pendances aux substances (drogues, alcool, \u2026), d\u00e9pendances \u00e0 certains comportements (jeux, internet, affectives et sexuelles, \u2026). Les personnes en questionnement sur leur identit\u00e9 de genre, sur leur orientation sexuelle.<\/p>\n<p><em>Relationnelles<\/em> : pensons aux relations de couple, aux relations parents-enfants et \u00e0 la solitude.<\/p>\n<p><em>Externes<\/em> : Des \u00e9v\u00e8nements de vie conduisent \u00e9galement \u00e0 consulter : maladies chroniques (cancer, s\u00e9ropositivit\u00e9, scl\u00e9rose en plaques, \u2026), d\u00e9c\u00e8s d\u2019un proche, v\u00e9cus traumatiques.<\/p>\n<p><strong>Quelles sont les conditions de la rencontre ?<\/strong><\/p>\n<p>La dur\u00e9e d&rsquo;une s\u00e9ance varie de 20 \u00e0 40 min.<\/p>\n<p>Le prix est de 60 \u20ac par s\u00e9ance selon la situation de chacun. Si vous \u00eates dans une situation pr\u00e9caire, nous trouverons ensemble une solution.<\/p>\n<p>La plupart des mutuelles interviennent pour un montant allant de 12,5 \u00e0 20\u20ac et un nombre de s\u00e9ances allant de 6 \u00e0 20. Vous retrouvez les d\u00e9tails sur le site internet de votre mutuelle ainsi que les formulaires \u00e0 compl\u00e9ter.<\/p>\n<p>Le rythme des s\u00e9ances est discut\u00e9 au cas le cas, en fonction, l\u00e0 aussi, de la situation particuli\u00e8re.<\/p>\n","protected":false},"excerpt":{"rendered":"<p>Quelles probl\u00e9matiques peuvent \u00eatre abord\u00e9es lors de ces rencontres ? Les probl\u00e9matiques qui am\u00e8nent des personnes \u00e0 consulter un psychologue sont multiples et il est difficile d\u2019en faire une liste exhaustive. En voici quelques-unes : Individuelles : d\u00e9pression, burn-out, d\u00e9pendances aux substances (drogues, alcool, \u2026), d\u00e9pendances \u00e0 certains comportements (jeux, internet, affectives et sexuelles, \u2026). &hellip; <\/p>\n<p class=\"link-more\"><a href=\"https:\/\/jfrenard-psy.be\/?page_id=8\" class=\"more-link\">Continuer la lecture<span class=\"screen-reader-text\"> de &laquo;&nbsp;Probl\u00e9matiques et conditions&nbsp;&raquo;<\/span><\/a><\/p>\n","protected":false},"author":1,"featured_media":69,"parent":0,"menu_order":0,"comment_status":"closed","ping_status":"closed","template":"","meta":{"footnotes":""},"class_list":["post-8","page","type-page","status-publish","has-post-thumbnail","hentry"],"_links":{"self":[{"href":"https:\/\/jfrenard-psy.be\/index.php?rest_route=\/wp\/v2\/pages\/8","targetHints":{"allow":["GET"]}}],"collection":[{"href":"https:\/\/jfrenard-psy.be\/index.php?rest_route=\/wp\/v2\/pages"}],"about":[{"href":"https:\/\/jfrenard-psy.be\/index.php?rest_route=\/wp\/v2\/types\/page"}],"author":[{"embeddable":true,"href":"https:\/\/jfrenard-psy.be\/index.php?rest_route=\/wp\/v2\/users\/1"}],"replies":[{"embeddable":true,"href":"https:\/\/jfrenard-psy.be\/index.php?rest_route=%2Fwp%2Fv2%2Fcomments&post=8"}],"version-history":[{"count":12,"href":"https:\/\/jfrenard-psy.be\/index.php?rest_route=\/wp\/v2\/pages\/8\/revisions"}],"predecessor-version":[{"id":127,"href":"https:\/\/jfrenard-psy.be\/index.php?rest_route=\/wp\/v2\/pages\/8\/revisions\/127"}],"wp:featuredmedia":[{"embeddable":true,"href":"https:\/\/jfrenard-psy.be\/index.php?rest_route=\/wp\/v2\/media\/69"}],"wp:attachment":[{"href":"https:\/\/jfrenard-psy.be\/index.php?rest_route=%2Fwp%2Fv2%2Fmedia&parent=8"}],"curies":[{"name":"wp","href":"https:\/\/api.w.org\/{rel}","templated":true}]}}