{"id":11,"date":"2018-02-26T21:48:05","date_gmt":"2018-02-26T20:48:05","guid":{"rendered":"http:\/\/192.168.1.7\/wordpress\/?page_id=11"},"modified":"2018-02-26T23:44:40","modified_gmt":"2018-02-26T22:44:40","slug":"a-homepage-section","status":"publish","type":"page","link":"https:\/\/jfrenard-psy.be\/?page_id=11","title":{"rendered":"Une rencontre"},"content":{"rendered":"<p>&nbsp;<\/p>\n<p><strong>Qu\u2019est-ce qu\u2019une rencontre avec un psychologue?<\/strong><\/p>\n<p>C\u2019est d\u2019abord la rencontre entre deux \u00eatres humains.<\/p>\n<p>Volontairement, je n\u2019utilise pas le terme \u00ab patient \u00bb qui signifierait que ce dernier est malade ou le terme \u00ab client \u00bb car il ne s\u2019agit pas de commerce, le psychologue n\u2019\u00e9tant pas l\u00e0 pour faire du profit.<\/p>\n<p>Le psychologue est plut\u00f4t \u00e0 la disposition de celui qui vient \u00e0 sa rencontre, pr\u00eat \u00e0 l\u2019entendre, \u00e0 r\u00e9agir, \u00e0 le soutenir. L\u2019esprit qui anime cette rencontre est la bienveillance, le non-jugement et l\u2019acceptation de chacun dans sa singularit\u00e9.<\/p>\n<p>&nbsp;<\/p>\n","protected":false},"excerpt":{"rendered":"<p>&nbsp; Qu\u2019est-ce qu\u2019une rencontre avec un psychologue? C\u2019est d\u2019abord la rencontre entre deux \u00eatres humains. Volontairement, je n\u2019utilise pas le terme \u00ab patient \u00bb qui signifierait que ce dernier est malade ou le terme \u00ab client \u00bb car il ne s\u2019agit pas de commerce, le psychologue n\u2019\u00e9tant pas l\u00e0 pour faire du profit. Le psychologue &hellip; <\/p>\n<p class=\"link-more\"><a href=\"https:\/\/jfrenard-psy.be\/?page_id=11\" class=\"more-link\">Continuer la lecture<span class=\"screen-reader-text\"> de &laquo;&nbsp;Une rencontre&nbsp;&raquo;<\/span><\/a><\/p>\n","protected":false},"author":1,"featured_media":67,"parent":0,"menu_order":0,"comment_status":"closed","ping_status":"closed","template":"","meta":{"footnotes":""},"class_list":["post-11","page","type-page","status-publish","has-post-thumbnail","hentry"],"_links":{"self":[{"href":"https:\/\/jfrenard-psy.be\/index.php?rest_route=\/wp\/v2\/pages\/11","targetHints":{"allow":["GET"]}}],"collection":[{"href":"https:\/\/jfrenard-psy.be\/index.php?rest_route=\/wp\/v2\/pages"}],"about":[{"href":"https:\/\/jfrenard-psy.be\/index.php?rest_route=\/wp\/v2\/types\/page"}],"author":[{"embeddable":true,"href":"https:\/\/jfrenard-psy.be\/index.php?rest_route=\/wp\/v2\/users\/1"}],"replies":[{"embeddable":true,"href":"https:\/\/jfrenard-psy.be\/index.php?rest_route=%2Fwp%2Fv2%2Fcomments&post=11"}],"version-history":[{"count":4,"href":"https:\/\/jfrenard-psy.be\/index.php?rest_route=\/wp\/v2\/pages\/11\/revisions"}],"predecessor-version":[{"id":33,"href":"https:\/\/jfrenard-psy.be\/index.php?rest_route=\/wp\/v2\/pages\/11\/revisions\/33"}],"wp:featuredmedia":[{"embeddable":true,"href":"https:\/\/jfrenard-psy.be\/index.php?rest_route=\/wp\/v2\/media\/67"}],"wp:attachment":[{"href":"https:\/\/jfrenard-psy.be\/index.php?rest_route=%2Fwp%2Fv2%2Fmedia&parent=11"}],"curies":[{"name":"wp","href":"https:\/\/api.w.org\/{rel}","templated":true}]}}